{"id":5595,"date":"2022-02-02T22:06:01","date_gmt":"2022-02-02T20:06:01","guid":{"rendered":"https:\/\/activerakennus.fi\/fi\/?page_id=5595"},"modified":"2022-02-10T00:28:57","modified_gmt":"2022-02-09T22:28:57","slug":"ota-yhteytta","status":"publish","type":"page","link":"https:\/\/activerakennus.fi\/fi\/ota-yhteytta\/","title":{"rendered":"Ota yhteytt\u00e4"},"content":{"rendered":"\t\t<div data-elementor-type=\"wp-page\" data-elementor-id=\"5595\" class=\"elementor elementor-5595\">\n\t\t\t\t\t\t<section class=\"elementor-section elementor-top-section elementor-element elementor-element-6c1031b elementor-section-boxed elementor-section-height-default elementor-section-height-default\" data-id=\"6c1031b\" data-element_type=\"section\" data-e-type=\"section\">\n\t\t\t\t\t\t<div class=\"elementor-container elementor-column-gap-default\">\n\t\t\t\t\t<div class=\"elementor-column elementor-col-50 elementor-top-column elementor-element elementor-element-1cf673d\" data-id=\"1cf673d\" data-element_type=\"column\" data-e-type=\"column\">\n\t\t\t<div class=\"elementor-widget-wrap elementor-element-populated\">\n\t\t\t\t\t\t<div class=\"elementor-element elementor-element-30e0268 elementor-widget elementor-widget-rhea-inquiry-form\" data-id=\"30e0268\" data-element_type=\"widget\" data-e-type=\"widget\" data-widget_type=\"rhea-inquiry-form.default\">\n\t\t\t\t<div class=\"elementor-widget-container\">\n\t\t\t\t\t            <div class=\"rhea-inquiry-form-wrapper rhea-dropdown-style-\">\n                <form class=\"rhea-inquiry-form\" id=\"inquiry_30e0268\" action=\"https:\/\/activerakennus.fi\/fi\/wp-admin\/admin-ajax.php\" method=\"post\">\n                    <div class=\"rhea-inquiry-form-inner\">\n\t\t\t\t\t\t                            <div class=\"rhea-inquiry-field rhea-field-type-name elementor-repeater-item-f7eddb1\">\n\t\t\t\t\t\t\t\t                <input class=\"rhea-inquiry-form-field \" name=\"name\" id=\"f7eddb1\" type=\"text\" placeholder=\"Nimi\" data-msg-required=\"\">\n\t\t\t\t                            <\/div>\n\t\t\t\t\t\t\t                                <div class=\"rhea-inquiry-field-break\">\n\t\t\t\t\t\t\t\t\t                                <\/div>\n\t\t\t\t\t\t\t\t                            <div class=\"rhea-inquiry-field rhea-field-type-number elementor-repeater-item-d6ee25d\">\n\t\t\t\t\t\t\t\t                <input class=\"rhea-inquiry-form-field \" name=\"number\" id=\"d6ee25d\" type=\"number\" placeholder=\"Puhelinnumero\" data-msg-required=\"\">\n\t\t\t\t                            <\/div>\n\t\t\t\t\t\t\t                                <div class=\"rhea-inquiry-field-break\">\n\t\t\t\t\t\t\t\t\t                                <\/div>\n\t\t\t\t\t\t\t\t                            <div class=\"rhea-inquiry-field rhea-field-type-email elementor-repeater-item-2b2ea5c\">\n\t\t\t\t\t\t\t\t                <input class=\"rhea-inquiry-form-field \" name=\"email\" id=\"2b2ea5c\" type=\"email\" placeholder=\"S\u00e4hk\u00f6posti\" data-msg-required=\"Provide a valid email address\">\n\t\t\t\t                            <\/div>\n\t\t\t\t\t\t\t                                <div class=\"rhea-inquiry-field-break\">\n\t\t\t\t\t\t\t\t\t                                <\/div>\n\t\t\t\t\t\t\t\t                            <div class=\"rhea-inquiry-field rhea-field-type-message elementor-repeater-item-e34d6a3\">\n\t\t\t\t\t\t\t\t                <textarea class=\"rhea-inquiry-form-field \" name=\"message\" id=\"e34d6a3\" placeholder=\" Viesti\" cols=\"30\" rows=\"4\" data-msg-required=\"\"><\/textarea>\n\t\t\t\t                            <\/div>\n\t\t\t\t\t\t\t                        <input type=\"hidden\" name=\"nonce\" value=\"a36a33b8f0\" \/>\n                        <input type=\"hidden\" name=\"target-email\" value=\"h&#101;ll&#111;&#64;&#97;&#99;ti&#118;&#101;&#114;&#97;&#107;ennu&#115;.f&#105;\" \/>\n                        <input type=\"hidden\" name=\"target-email-cc\" value=\"\" \/>\n                        <input type=\"hidden\" name=\"target-email-bcc\" value=\"\" \/>\n                        <input type=\"hidden\" name=\"the_id\" value=\"5595\" \/>\n                        <input type=\"hidden\" name=\"action\" value=\"rhea_inquiry_send_message\" \/>\n\n\t\t\t\t\t\t                            <div class=\"rhea-inquiry-submit-wrapper submit-button-inline\">\n                                <button class=\"rhea-custom-button default\" type=\"submit\" name=\"submit\" id=\"inquiry-submit-30e0268\">\n                                    <span class=\"rhea-inquiry-button-text\">L\u00e4het\u00e4<\/span>\n                                    <div class=\"rhea-ajax-loader\">\n                                        <span class=\"rhea_loader_box\"><svg xmlns=\"http:\/\/www.w3.org\/2000\/svg\" xmlns:xlink=\"http:\/\/www.w3.org\/1999\/xlink\" width=\"32px\" height=\"32px\" viewBox=\"0 0 128 128\" xml:space=\"preserve\"><rect x=\"0\" y=\"0\" width=\"100%\" height=\"100%\" fill=\"#FFFFFF\" \/><g><path d=\"M75.4 126.63a11.43 11.43 0 0 1-2.1-22.65 40.9 40.9 0 0 0 30.5-30.6 11.4 11.4 0 1 1 22.27 4.87h.02a63.77 63.77 0 0 1-47.8 48.05v-.02a11.38 11.38 0 0 1-2.93.37z\" fill=\"#1ea69a\" fill-opacity=\"1\"\/><animateTransform attributeName=\"transform\" type=\"rotate\" from=\"0 64 64\" to=\"360 64 64\" dur=\"1000ms\" repeatCount=\"indefinite\"><\/animateTransform><\/g><\/svg>\n<\/span>\n                                    <\/div>\n                                <\/button>\n                            <\/div>\n\t\t\t\t\t\t\t                        <div class=\"rhea-inquiry-form-break\"><\/div>\n                        <div class=\"rhea-message-container\"><\/div>\n                        <div class=\"rhea-error-container\"><\/div>\n\t\t\t\t\t\t                    <\/div>\n                <\/form>\n            <\/div>\n\t\t\t                <script type=\"application\/javascript\">\n                    jQuery( document ).on( 'ready', function () {\n                        rheaSelectPicker( \"#inquiry_30e0268 select.rhea_multi_select_picker\" );\n                        rheaSubmitContactForm( \"#inquiry_30e0268\", \"#inquiry-submit-30e0268\" );\n                    } );\n                <\/script>\n\t\t\t\t\t\t\t\t<\/div>\n\t\t\t\t<\/div>\n\t\t\t\t\t<\/div>\n\t\t<\/div>\n\t\t\t\t<div class=\"elementor-column elementor-col-50 elementor-top-column elementor-element elementor-element-61ee2a8\" data-id=\"61ee2a8\" data-element_type=\"column\" data-e-type=\"column\">\n\t\t\t<div class=\"elementor-widget-wrap elementor-element-populated\">\n\t\t\t\t\t\t<div class=\"elementor-element elementor-element-7331348 elementor-widget elementor-widget-ere-agents-widget-2\" data-id=\"7331348\" data-element_type=\"widget\" data-e-type=\"widget\" data-widget_type=\"ere-agents-widget-2.default\">\n\t\t\t\t<div class=\"elementor-widget-container\">\n\t\t\t\t\t            <div class=\"rhea_wrapper_agents_two\">\n\n                <div class=\"rhea_section__agents_two rhea_col_3\">\n\t\t\t\t\t\n<article class=\"rhea_agent_two\">\n    <div class=\"rhea_agent_two_wrap\">\n\t\t            <div class=\"rhea_agent_two_thumbnail\">\n                <a href=\"https:\/\/activerakennus.fi\/fi\/agent\/linda\/\">\n\t\t\t\t\t<img decoding=\"async\" width=\"210\" height=\"210\" src=\"https:\/\/activerakennus.fi\/fi\/wp-content\/uploads\/sites\/2\/2022\/02\/jonas-linda-210x210.jpg\" class=\"attachment-agent-image size-agent-image wp-post-image\" alt=\"\" srcset=\"https:\/\/activerakennus.fi\/fi\/wp-content\/uploads\/sites\/2\/2022\/02\/jonas-linda-210x210.jpg 210w, https:\/\/activerakennus.fi\/fi\/wp-content\/uploads\/sites\/2\/2022\/02\/jonas-linda-150x150.jpg 150w\" sizes=\"(max-width: 210px) 100vw, 210px\" \/>                <\/a>\n            <\/div>\n\t\t\t        <div class=\"rhea_agent_two_details\">\n\t\t\t                <h3 class=\"rhea_agent_two_title\">\n\t\t\t\t\t<a href=\"https:\/\/activerakennus.fi\/fi\/agent\/linda\/\">Linda<\/a> \n\t\t\t\t\t                <\/h3>\n\t\t\t                <span class=\"rhea_agent_designation\">Vuokraus<\/span>\n\t\t\t\t                <div class=\"rhea_agent_two_meta number mobile\">\n                    <i class=\"fas fa-mobile-alt\"><\/i>&nbsp;\n                    <a href=\"tel:+358-40-9617519\">\n\t\t\t\t\t\t+358-40-9617519                    <\/a>\n                <\/div>\n\t\t\t\t                <div class=\"rhea_agent_two_meta email\">\n                    <i class=\"fas fa-envelope\"><\/i>&nbsp;\n                    <a href=\"mailto:l&#105;&#110;da&#064;&#097;&#099;&#116;&#105;&#118;&#101;r&#097;&#107;en&#110;us&#046;&#102;&#105;\">\n\t\t\t\t\t\t&#108;in&#100;a&#064;&#097;ct&#105;v&#101;r&#097;&#107;en&#110;&#117;s&#046;fi                    <\/a>\n                <\/div>\n\t\t\t\t        <\/div>\n        <!-- ending .rhea_agent_two_details div -->\n    <\/div>\n    <!-- ending .rhea_agent_two_wrap div -->\n<\/article>\n<!-- ending .rhea_agent_two article -->\n<article class=\"rhea_agent_two\">\n    <div class=\"rhea_agent_two_wrap\">\n\t\t            <div class=\"rhea_agent_two_thumbnail\">\n                <a href=\"https:\/\/activerakennus.fi\/fi\/agent\/jonas\/\">\n\t\t\t\t\t<img decoding=\"async\" width=\"206\" height=\"206\" src=\"https:\/\/activerakennus.fi\/fi\/wp-content\/uploads\/sites\/2\/2022\/02\/linda-jonas.jpg\" class=\"attachment-agent-image size-agent-image wp-post-image\" alt=\"\" srcset=\"https:\/\/activerakennus.fi\/fi\/wp-content\/uploads\/sites\/2\/2022\/02\/linda-jonas.jpg 206w, https:\/\/activerakennus.fi\/fi\/wp-content\/uploads\/sites\/2\/2022\/02\/linda-jonas-150x150.jpg 150w\" sizes=\"(max-width: 206px) 100vw, 206px\" \/>                <\/a>\n            <\/div>\n\t\t\t        <div class=\"rhea_agent_two_details\">\n\t\t\t                <h3 class=\"rhea_agent_two_title\">\n\t\t\t\t\t<a href=\"https:\/\/activerakennus.fi\/fi\/agent\/jonas\/\">Jonas<\/a> \n\t\t\t\t\t                <\/h3>\n\t\t\t                <span class=\"rhea_agent_designation\">Myynti<\/span>\n\t\t\t\t                <div class=\"rhea_agent_two_meta number mobile\">\n                    <i class=\"fas fa-mobile-alt\"><\/i>&nbsp;\n                    <a href=\"tel:+358-41-4674245\">\n\t\t\t\t\t\t+358-41-4674245                    <\/a>\n                <\/div>\n\t\t\t\t                <div class=\"rhea_agent_two_meta email\">\n                    <i class=\"fas fa-envelope\"><\/i>&nbsp;\n                    <a href=\"mailto:j&#111;n&#097;s&#064;a&#099;&#116;&#105;&#118;erak&#101;&#110;n&#117;s.fi\">\n\t\t\t\t\t\t&#106;onas&#064;ac&#116;&#105;&#118;e&#114;&#097;&#107;&#101;nn&#117;s.&#102;&#105;                    <\/a>\n                <\/div>\n\t\t\t\t        <\/div>\n        <!-- ending .rhea_agent_two_details div -->\n    <\/div>\n    <!-- ending .rhea_agent_two_wrap div -->\n<\/article>\n<!-- ending .rhea_agent_two article -->                <\/div>\n\n            <\/div>\n\t\t\t\t\t\t\t<\/div>\n\t\t\t\t<\/div>\n\t\t\t\t\t<\/div>\n\t\t<\/div>\n\t\t\t\t\t<\/div>\n\t\t<\/section>\n\t\t\t\t<section class=\"elementor-section elementor-top-section elementor-element elementor-element-24c95c0 elementor-section-boxed elementor-section-height-default elementor-section-height-default\" data-id=\"24c95c0\" data-element_type=\"section\" data-e-type=\"section\">\n\t\t\t\t\t\t<div class=\"elementor-container elementor-column-gap-default\">\n\t\t\t\t\t<div class=\"elementor-column elementor-col-100 elementor-top-column elementor-element elementor-element-e921629\" data-id=\"e921629\" data-element_type=\"column\" data-e-type=\"column\">\n\t\t\t<div class=\"elementor-widget-wrap elementor-element-populated\">\n\t\t\t\t\t\t<div class=\"elementor-element elementor-element-d2ac0e3 elementor-widget elementor-widget-spacer\" data-id=\"d2ac0e3\" data-element_type=\"widget\" data-e-type=\"widget\" data-widget_type=\"spacer.default\">\n\t\t\t\t<div class=\"elementor-widget-container\">\n\t\t\t\t\t\t\t<div class=\"elementor-spacer\">\n\t\t\t<div class=\"elementor-spacer-inner\"><\/div>\n\t\t<\/div>\n\t\t\t\t\t\t<\/div>\n\t\t\t\t<\/div>\n\t\t\t\t\t<\/div>\n\t\t<\/div>\n\t\t\t\t\t<\/div>\n\t\t<\/section>\n\t\t\t\t<\/div>\n\t\t","protected":false},"excerpt":{"rendered":"<p>L\u00e4het\u00e4 Linda \u2013 vuokraus Vuokraus +358-40-9617519 linda@activerakennus.fi Jonas \u2013 myynti Myynti +358-41-4674245 jonas@activerakennus.fi<\/p>\n","protected":false},"author":1,"featured_media":0,"parent":0,"menu_order":0,"comment_status":"closed","ping_status":"closed","template":"","meta":{"footnotes":""},"class_list":["post-5595","page","type-page","status-publish","hentry"],"yoast_head":"<!-- This site is optimized with the Yoast SEO plugin v27.3 - https:\/\/yoast.com\/product\/yoast-seo-wordpress\/ -->\n<title>Ota yhteytt\u00e4 - Activerakennus<\/title>\n<meta name=\"robots\" content=\"index, follow, max-snippet:-1, max-image-preview:large, max-video-preview:-1\" \/>\n<link rel=\"canonical\" href=\"https:\/\/activerakennus.fi\/fi\/ota-yhteytta\/\" \/>\n<meta property=\"og:locale\" content=\"fi_FI\" \/>\n<meta property=\"og:type\" content=\"article\" \/>\n<meta property=\"og:title\" content=\"Ota yhteytt\u00e4 - Activerakennus\" \/>\n<meta property=\"og:description\" content=\"L\u00e4het\u00e4 Linda \u2013 vuokraus Vuokraus +358-40-9617519 linda@activerakennus.fi Jonas \u2013 myynti Myynti +358-41-4674245 jonas@activerakennus.fi\" \/>\n<meta property=\"og:url\" content=\"https:\/\/activerakennus.fi\/fi\/ota-yhteytta\/\" \/>\n<meta property=\"og:site_name\" content=\"Activerakennus\" \/>\n<meta property=\"article:modified_time\" content=\"2022-02-09T22:28:57+00:00\" \/>\n<meta property=\"og:image\" content=\"https:\/\/activerakennus.fi\/fi\/wp-content\/uploads\/sites\/2\/2022\/02\/jonas-linda-210x210.jpg\" \/>\n<meta name=\"twitter:card\" content=\"summary_large_image\" \/>\n<script type=\"application\/ld+json\" class=\"yoast-schema-graph\">{\"@context\":\"https:\\\/\\\/schema.org\",\"@graph\":[{\"@type\":\"WebPage\",\"@id\":\"https:\\\/\\\/activerakennus.fi\\\/fi\\\/ota-yhteytta\\\/\",\"url\":\"https:\\\/\\\/activerakennus.fi\\\/fi\\\/ota-yhteytta\\\/\",\"name\":\"Ota yhteytt\u00e4 - Activerakennus\",\"isPartOf\":{\"@id\":\"https:\\\/\\\/activerakennus.fi\\\/fi\\\/#website\"},\"primaryImageOfPage\":{\"@id\":\"https:\\\/\\\/activerakennus.fi\\\/fi\\\/ota-yhteytta\\\/#primaryimage\"},\"image\":{\"@id\":\"https:\\\/\\\/activerakennus.fi\\\/fi\\\/ota-yhteytta\\\/#primaryimage\"},\"thumbnailUrl\":\"https:\\\/\\\/activerakennus.fi\\\/fi\\\/wp-content\\\/uploads\\\/sites\\\/2\\\/2022\\\/02\\\/jonas-linda-210x210.jpg\",\"datePublished\":\"2022-02-02T20:06:01+00:00\",\"dateModified\":\"2022-02-09T22:28:57+00:00\",\"breadcrumb\":{\"@id\":\"https:\\\/\\\/activerakennus.fi\\\/fi\\\/ota-yhteytta\\\/#breadcrumb\"},\"inLanguage\":\"fi\",\"potentialAction\":[{\"@type\":\"ReadAction\",\"target\":[\"https:\\\/\\\/activerakennus.fi\\\/fi\\\/ota-yhteytta\\\/\"]}]},{\"@type\":\"ImageObject\",\"inLanguage\":\"fi\",\"@id\":\"https:\\\/\\\/activerakennus.fi\\\/fi\\\/ota-yhteytta\\\/#primaryimage\",\"url\":\"https:\\\/\\\/activerakennus.fi\\\/fi\\\/wp-content\\\/uploads\\\/sites\\\/2\\\/2022\\\/02\\\/jonas-linda.jpg\",\"contentUrl\":\"https:\\\/\\\/activerakennus.fi\\\/fi\\\/wp-content\\\/uploads\\\/sites\\\/2\\\/2022\\\/02\\\/jonas-linda.jpg\",\"width\":450,\"height\":600},{\"@type\":\"BreadcrumbList\",\"@id\":\"https:\\\/\\\/activerakennus.fi\\\/fi\\\/ota-yhteytta\\\/#breadcrumb\",\"itemListElement\":[{\"@type\":\"ListItem\",\"position\":1,\"name\":\"Hem\",\"item\":\"https:\\\/\\\/activerakennus.fi\\\/fi\\\/\"},{\"@type\":\"ListItem\",\"position\":2,\"name\":\"Ota yhteytt\u00e4\"}]},{\"@type\":\"WebSite\",\"@id\":\"https:\\\/\\\/activerakennus.fi\\\/fi\\\/#website\",\"url\":\"https:\\\/\\\/activerakennus.fi\\\/fi\\\/\",\"name\":\"Activerakennus\",\"description\":\"\",\"publisher\":{\"@id\":\"https:\\\/\\\/activerakennus.fi\\\/fi\\\/#organization\"},\"potentialAction\":[{\"@type\":\"SearchAction\",\"target\":{\"@type\":\"EntryPoint\",\"urlTemplate\":\"https:\\\/\\\/activerakennus.fi\\\/fi\\\/?s={search_term_string}\"},\"query-input\":{\"@type\":\"PropertyValueSpecification\",\"valueRequired\":true,\"valueName\":\"search_term_string\"}}],\"inLanguage\":\"fi\"},{\"@type\":\"Organization\",\"@id\":\"https:\\\/\\\/activerakennus.fi\\\/fi\\\/#organization\",\"name\":\"Activerakennus\",\"url\":\"https:\\\/\\\/activerakennus.fi\\\/fi\\\/\",\"logo\":{\"@type\":\"ImageObject\",\"inLanguage\":\"fi\",\"@id\":\"https:\\\/\\\/activerakennus.fi\\\/fi\\\/#\\\/schema\\\/logo\\\/image\\\/\",\"url\":\"https:\\\/\\\/activerakennus.fi\\\/fi\\\/wp-content\\\/uploads\\\/sites\\\/2\\\/2021\\\/09\\\/activerakennus.png\",\"contentUrl\":\"https:\\\/\\\/activerakennus.fi\\\/fi\\\/wp-content\\\/uploads\\\/sites\\\/2\\\/2021\\\/09\\\/activerakennus.png\",\"width\":571,\"height\":153,\"caption\":\"Activerakennus\"},\"image\":{\"@id\":\"https:\\\/\\\/activerakennus.fi\\\/fi\\\/#\\\/schema\\\/logo\\\/image\\\/\"}}]}<\/script>\n<!-- \/ Yoast SEO plugin. -->","yoast_head_json":{"title":"Ota yhteytt\u00e4 - Activerakennus","robots":{"index":"index","follow":"follow","max-snippet":"max-snippet:-1","max-image-preview":"max-image-preview:large","max-video-preview":"max-video-preview:-1"},"canonical":"https:\/\/activerakennus.fi\/fi\/ota-yhteytta\/","og_locale":"fi_FI","og_type":"article","og_title":"Ota yhteytt\u00e4 - Activerakennus","og_description":"L\u00e4het\u00e4 Linda \u2013 vuokraus Vuokraus +358-40-9617519 linda@activerakennus.fi Jonas \u2013 myynti Myynti +358-41-4674245 jonas@activerakennus.fi","og_url":"https:\/\/activerakennus.fi\/fi\/ota-yhteytta\/","og_site_name":"Activerakennus","article_modified_time":"2022-02-09T22:28:57+00:00","og_image":[{"url":"https:\/\/activerakennus.fi\/fi\/wp-content\/uploads\/sites\/2\/2022\/02\/jonas-linda-210x210.jpg","type":"","width":"","height":""}],"twitter_card":"summary_large_image","schema":{"@context":"https:\/\/schema.org","@graph":[{"@type":"WebPage","@id":"https:\/\/activerakennus.fi\/fi\/ota-yhteytta\/","url":"https:\/\/activerakennus.fi\/fi\/ota-yhteytta\/","name":"Ota yhteytt\u00e4 - Activerakennus","isPartOf":{"@id":"https:\/\/activerakennus.fi\/fi\/#website"},"primaryImageOfPage":{"@id":"https:\/\/activerakennus.fi\/fi\/ota-yhteytta\/#primaryimage"},"image":{"@id":"https:\/\/activerakennus.fi\/fi\/ota-yhteytta\/#primaryimage"},"thumbnailUrl":"https:\/\/activerakennus.fi\/fi\/wp-content\/uploads\/sites\/2\/2022\/02\/jonas-linda-210x210.jpg","datePublished":"2022-02-02T20:06:01+00:00","dateModified":"2022-02-09T22:28:57+00:00","breadcrumb":{"@id":"https:\/\/activerakennus.fi\/fi\/ota-yhteytta\/#breadcrumb"},"inLanguage":"fi","potentialAction":[{"@type":"ReadAction","target":["https:\/\/activerakennus.fi\/fi\/ota-yhteytta\/"]}]},{"@type":"ImageObject","inLanguage":"fi","@id":"https:\/\/activerakennus.fi\/fi\/ota-yhteytta\/#primaryimage","url":"https:\/\/activerakennus.fi\/fi\/wp-content\/uploads\/sites\/2\/2022\/02\/jonas-linda.jpg","contentUrl":"https:\/\/activerakennus.fi\/fi\/wp-content\/uploads\/sites\/2\/2022\/02\/jonas-linda.jpg","width":450,"height":600},{"@type":"BreadcrumbList","@id":"https:\/\/activerakennus.fi\/fi\/ota-yhteytta\/#breadcrumb","itemListElement":[{"@type":"ListItem","position":1,"name":"Hem","item":"https:\/\/activerakennus.fi\/fi\/"},{"@type":"ListItem","position":2,"name":"Ota yhteytt\u00e4"}]},{"@type":"WebSite","@id":"https:\/\/activerakennus.fi\/fi\/#website","url":"https:\/\/activerakennus.fi\/fi\/","name":"Activerakennus","description":"","publisher":{"@id":"https:\/\/activerakennus.fi\/fi\/#organization"},"potentialAction":[{"@type":"SearchAction","target":{"@type":"EntryPoint","urlTemplate":"https:\/\/activerakennus.fi\/fi\/?s={search_term_string}"},"query-input":{"@type":"PropertyValueSpecification","valueRequired":true,"valueName":"search_term_string"}}],"inLanguage":"fi"},{"@type":"Organization","@id":"https:\/\/activerakennus.fi\/fi\/#organization","name":"Activerakennus","url":"https:\/\/activerakennus.fi\/fi\/","logo":{"@type":"ImageObject","inLanguage":"fi","@id":"https:\/\/activerakennus.fi\/fi\/#\/schema\/logo\/image\/","url":"https:\/\/activerakennus.fi\/fi\/wp-content\/uploads\/sites\/2\/2021\/09\/activerakennus.png","contentUrl":"https:\/\/activerakennus.fi\/fi\/wp-content\/uploads\/sites\/2\/2021\/09\/activerakennus.png","width":571,"height":153,"caption":"Activerakennus"},"image":{"@id":"https:\/\/activerakennus.fi\/fi\/#\/schema\/logo\/image\/"}}]}},"_links":{"self":[{"href":"https:\/\/activerakennus.fi\/fi\/wp-json\/wp\/v2\/pages\/5595","targetHints":{"allow":["GET"]}}],"collection":[{"href":"https:\/\/activerakennus.fi\/fi\/wp-json\/wp\/v2\/pages"}],"about":[{"href":"https:\/\/activerakennus.fi\/fi\/wp-json\/wp\/v2\/types\/page"}],"author":[{"embeddable":true,"href":"https:\/\/activerakennus.fi\/fi\/wp-json\/wp\/v2\/users\/1"}],"replies":[{"embeddable":true,"href":"https:\/\/activerakennus.fi\/fi\/wp-json\/wp\/v2\/comments?post=5595"}],"version-history":[{"count":26,"href":"https:\/\/activerakennus.fi\/fi\/wp-json\/wp\/v2\/pages\/5595\/revisions"}],"predecessor-version":[{"id":5728,"href":"https:\/\/activerakennus.fi\/fi\/wp-json\/wp\/v2\/pages\/5595\/revisions\/5728"}],"wp:attachment":[{"href":"https:\/\/activerakennus.fi\/fi\/wp-json\/wp\/v2\/media?parent=5595"}],"curies":[{"name":"wp","href":"https:\/\/api.w.org\/{rel}","templated":true}]}}